{"id":113,"date":"2017-05-17T18:41:23","date_gmt":"2017-05-17T18:41:23","guid":{"rendered":"http:\/\/fundacionelencuentro.org\/co\/?page_id=113"},"modified":"2017-08-22T10:55:43","modified_gmt":"2017-08-22T15:55:43","slug":"contacto","status":"publish","type":"page","link":"https:\/\/fundacionelencuentro.org\/co\/contacto\/","title":{"rendered":"Contacto"},"content":{"rendered":"<div id=\"pl-113\"  class=\"panel-layout\" ><div id=\"pg-113-0\"  class=\"panel-grid panel-has-style\" ><div class=\"siteorigin-panels-stretch panel-row-style panel-row-style-for-113-0\" data-stretch-type=\"full-stretched\" ><div id=\"pgc-113-0-0\"  class=\"panel-grid-cell\" ><div id=\"panel-113-0-0-0\" class=\"so-panel widget widget_sow-hero panel-first-child panel-last-child\" data-index=\"0\" ><div\n\t\t\t\n\t\t\tclass=\"so-widget-sow-hero so-widget-sow-hero-default-01374adb71d2-113\"\n\t\t\t\n\t\t>\t\t\t\t<div class=\"sow-slider-base\" style=\"display: none\">\n\t\t\t\t\t<ul\n\t\t\t\t\tclass=\"sow-slider-images\"\n\t\t\t\t\tdata-settings=\"{&quot;pagination&quot;:true,&quot;speed&quot;:800,&quot;timeout&quot;:8000,&quot;paused&quot;:false,&quot;pause_on_hover&quot;:false,&quot;swipe&quot;:false,&quot;nav_always_show_desktop&quot;:&quot;&quot;,&quot;nav_always_show_mobile&quot;:&quot;&quot;,&quot;breakpoint&quot;:&quot;780px&quot;,&quot;unmute&quot;:false,&quot;anchor&quot;:null}\"\n\t\t\t\t\t\t\t\t\t\tdata-anchor-id=\"\"\n\t\t\t\t>\t\t<li class=\"sow-slider-image  sow-slider-image-cover\" style=\"visibility: visible;;background-color: #333333\" >\n\t\t\t\t\t<div class=\"sow-slider-image-container\">\n\t\t\t<div class=\"sow-slider-image-wrapper\">\n\t\t\t\t<h1 style=\"text-align: center;font-size:45px;font-weight:300\">Contacto<\/h1>\t\t\t<\/div>\n\t\t<\/div>\n\t\t<div class=\"sow-slider-image-overlay sow-slider-image-cover\" style=\"background-image: url(https:\/\/fundacionelencuentro.org\/co\/wp-content\/uploads\/2017\/05\/pexels-photo-261628.jpeg);opacity: 0.9\"  ><\/div>\t\t<\/li>\n\t\t<\/ul>\t\t\t\t<ol class=\"sow-slider-pagination\">\n\t\t\t\t\t\t\t\t\t\t\t<li><a href=\"#\" data-goto=\"0\" aria-label=\"display slide 1\"><\/a><\/li>\n\t\t\t\t\t\t\t\t\t<\/ol>\n\n\t\t\t\t<div class=\"sow-slide-nav sow-slide-nav-next\">\n\t\t\t\t\t<a href=\"#\" data-goto=\"next\" aria-label=\"next slide\" data-action=\"next\">\n\t\t\t\t\t\t<em class=\"sow-sld-icon-thin-right\"><\/em>\n\t\t\t\t\t<\/a>\n\t\t\t\t<\/div>\n\n\t\t\t\t<div class=\"sow-slide-nav sow-slide-nav-prev\">\n\t\t\t\t\t<a href=\"#\" data-goto=\"previous\" aria-label=\"previous slide\" data-action=\"prev\">\n\t\t\t\t\t\t<em class=\"sow-sld-icon-thin-left\"><\/em>\n\t\t\t\t\t<\/a>\n\t\t\t\t<\/div>\n\t\t\t\t<\/div><\/div><\/div><\/div><\/div><\/div><div id=\"pg-113-1\"  class=\"panel-grid panel-has-style\" ><div class=\"panel-row-style panel-row-style-for-113-1\" ><div id=\"pgc-113-1-0\"  class=\"panel-grid-cell\" ><div id=\"panel-113-1-0-0\" class=\"so-panel widget widget_sow-contact-form panel-first-child panel-last-child\" data-index=\"1\" ><div class=\"panel-widget-style panel-widget-style-for-113-1-0-0\" ><div\n\t\t\t\n\t\t\tclass=\"so-widget-sow-contact-form so-widget-sow-contact-form-default-74c3d3d9bcf8-113\"\n\t\t\t\n\t\t><h3 class=\"widget-title\"><h1 style=\"font-size:25px;font-weight:300\">Contacte con Nosotros<\/h1><\/h3>\t<form\n\t\taction=\"\/co\/wp-json\/wp\/v2\/pages\/113\"\n\t\tmethod=\"POST\"\n\t\tclass=\"sow-contact-form\"\n\t\tid=\"contact-form-fa65\"\n\t>\n\n\t\t\n\t\t            <p><em><\/em><\/p>\n\t\t\t            <div class=\"sow-form-field sow-form-field-name\">\n            \t<label class=\"sow-form-field-label-above\" for=\"sow-contact-form-field-nombre-591d24658b85f\">\n\t\t\t\t<strong>\n\t\t\t\t\tNombre\t\t\t\t\t\t\t\t\t\t\t<span class=\"sow-form-field-required\">*<\/span>\n\t\t\t\t\t\t\t\t\t<\/strong>\n\t\t\t<\/label>\n\t\t\t\t\t\t\t<span class=\"sow-field-container\">\n\t\t\t\t\t\t\t<input\n\t\t\ttype=\"text\"\n\t\t\tname=\"nombre-591d24658b85f\"\n\t\t\tid=\"sow-contact-form-field-nombre-591d24658b85f\"\n\t\t\tvalue=\"\"\n\t\t\tclass=\"sow-text-field\"\n\t\t\t\t\t\/>\n\t\t\t\t\t\t<\/span>\n\t\t\t\t\t\t\t<\/div>\n\t\t\t            <div class=\"sow-form-field sow-form-field-select\">\n            \t<label class=\"sow-form-field-label-above\" for=\"sow-contact-form-field-seleccione-591d24658b85f\">\n\t\t\t\t<strong>\n\t\t\t\t\tSeleccione...\t\t\t\t\t\t\t\t\t\t\t<span class=\"sow-form-field-required\">*<\/span>\n\t\t\t\t\t\t\t\t\t<\/strong>\n\t\t\t<\/label>\n\t\t\t\t\t\t\t<span class=\"sow-field-container\">\n\t\t\t\t\t\t\t<select\n\t\t\tname=\"seleccione-591d24658b85f\"\n\t\t\tid=\"sow-contact-form-field-seleccione-591d24658b85f\"\n\t\t\t\t\t\t\t\t>\n\t\t\t\t\t\t\t\t<option selected ><\/option>\n\t\t\t\t\t\t\t\t\t\t<option\n\t\t\t\t\t\tvalue=\"Donaci\u00f3n\">\n\t\t\t\t\t\tDonaci\u00f3n\t\t\t\t\t<\/option>\n\t\t\t\t\t\t\t\t\t<option\n\t\t\t\t\t\tvalue=\"Trabajo\">\n\t\t\t\t\t\tTrabajo\t\t\t\t\t<\/option>\n\t\t\t\t\t\t\t\t\t<option\n\t\t\t\t\t\tvalue=\"Voluntariado\">\n\t\t\t\t\t\tVoluntariado\t\t\t\t\t<\/option>\n\t\t\t\t\t\t\t\t\t<option\n\t\t\t\t\t\tvalue=\"Otro\">\n\t\t\t\t\t\tOtro\t\t\t\t\t<\/option>\n\t\t\t\t\t\t<\/select>\n\t\t\t\t\t\t<\/span>\n\t\t\t\t\t\t\t<\/div>\n\t\t\t            <div class=\"sow-form-field sow-form-field-email\">\n            \t<label class=\"sow-form-field-label-above\" for=\"sow-contact-form-field-correo-electrnico-591d24658b85f\">\n\t\t\t\t<strong>\n\t\t\t\t\tCorreo electr\u00f3nico\t\t\t\t\t\t\t\t\t\t\t<span class=\"sow-form-field-required\">*<\/span>\n\t\t\t\t\t\t\t\t\t<\/strong>\n\t\t\t<\/label>\n\t\t\t\t\t\t\t<span class=\"sow-field-container\">\n\t\t\t\t\t\t\t<input\n\t\t\ttype=\"email\"\n\t\t\tname=\"correo-electrnico-591d24658b85f\"\n\t\t\tid=\"sow-contact-form-field-correo-electrnico-591d24658b85f\"\n\t\t\tvalue=\"\"\n\t\t\tclass=\"sow-text-field\"\t\t\t\t\t\/>\n\t\t\t\t\t\t<\/span>\n\t\t\t\t\t\t\t<\/div>\n\t\t\t            <div class=\"sow-form-field sow-form-field-text\">\n            \t<label class=\"sow-form-field-label-above\" for=\"sow-contact-form-field-mensaje-591d24658b85f\">\n\t\t\t\t<strong>\n\t\t\t\t\tMensaje\t\t\t\t\t\t\t\t\t\t\t<span class=\"sow-form-field-required\">*<\/span>\n\t\t\t\t\t\t\t\t\t<\/strong>\n\t\t\t<\/label>\n\t\t\t\t\t\t\t<span class=\"sow-field-container\">\n\t\t\t\t\t\t\t<input\n\t\t\ttype=\"text\"\n\t\t\tname=\"mensaje-591d24658b85f\"\n\t\t\tid=\"sow-contact-form-field-mensaje-591d24658b85f\"\n\t\t\tvalue=\"\"\n\t\t\tclass=\"sow-text-field\"\t\t\t\t\t\/>\n\t\t\t\t\t\t<\/span>\n\t\t\t\t\t\t\t<\/div>\n\t\t\t\t\t\n\t\t\n\t\t\n\t\t<input type=\"hidden\" name=\"instance_hash\" value=\"fa655ea92f6865089d62d71deeca0440\" \/>\n\t\t<input type=\"hidden\" id=\"_wpnonce\" name=\"_wpnonce\" value=\"6911781dad\" \/><input type=\"hidden\" name=\"_wp_http_referer\" value=\"\/co\/wp-json\/wp\/v2\/pages\/113\" \/>\t\t<div class=\"sow-submit-wrapper sow-submit-styled\">\n\n\t\t<button class=\"sow-submit\"\n\t\t\t\t\t\t\t\t>\n\t\t\tEnviar\t\t<\/button>\n\n\t\t<\/div>\n\t<\/form>\n\t<\/div><\/div><\/div><\/div><div id=\"pgc-113-1-1\"  class=\"panel-grid-cell\" ><div id=\"panel-113-1-1-0\" class=\"so-panel widget widget_siteorigin-panels-builder panel-first-child panel-last-child\" data-index=\"2\" ><div class=\"panel-widget-style panel-widget-style-for-113-1-1-0\" ><div id=\"pl-w5956be64b4598\"  class=\"panel-layout\" ><div id=\"pg-w5956be64b4598-0\"  class=\"panel-grid panel-no-style\" ><div id=\"pgc-w5956be64b4598-0-0\"  class=\"panel-grid-cell\" ><div id=\"panel-w5956be64b4598-0-0-0\" class=\"so-panel widget widget_text panel-first-child panel-last-child\" data-index=\"0\" ><div class=\"panel-widget-style panel-widget-style-for-w5956be64b4598-0-0-0\" >\t\t\t<div class=\"textwidget\"><div id=\"donar\" style=\"margin: auto;\">\n<h1 style=\"font-size: 25px; font-weight: 500; text-align: left;\">Fundaci\u00f3n Social El Encuentro<\/h1>\n<p style=\"font-size: 18px; line-height: 1.5; margin-bottom: 60px; text-align: left;\">Avenida Carrera 20 No. 81-55<br \/>\nBogot\u00e1 D.C. Colombia<br \/>\nTel\u00e9fono: (57+1) 745 5530<br \/>\ncontacto@fundacionelencuentro.org<br \/>\nwww.fundacionelencuentro.org<\/p>\n<\/div>\n<\/div>\n\t\t<\/div><\/div><\/div><\/div><\/div><\/div><\/div><\/div><\/div><\/div><div id=\"pg-113-2\"  class=\"panel-grid panel-has-style\" ><div class=\"panel-row-style panel-row-style-for-113-2\" ><div id=\"pgc-113-2-0\"  class=\"panel-grid-cell\" ><div id=\"panel-113-2-0-0\" class=\"so-panel widget widget_text panel-first-child panel-last-child\" data-index=\"3\" >\t\t\t<div class=\"textwidget\"><iframe src=\"https:\/\/www.google.com\/maps\/embed?pb=!1m14!1m8!1m3!1d15906.3120485445!2d-74.060634!3d4.669069!3m2!1i1024!2i768!4f13.1!3m3!1m2!1s0x0%3A0x86b011b0afa4ebf3!2sFundaci%C3%B3n+Social+El+Encuentro!5e0!3m2!1ses!2sco!4v1495081769646\" width=\"100%\" frameborder=\"0\" style=\"border:0\" allowfullscreen><\/iframe><\/div>\n\t\t<\/div><\/div><\/div><\/div><\/div>","protected":false},"excerpt":{"rendered":"<p>Contacto Contacte con Nosotros Nombre * Seleccione&#8230; * Donaci\u00f3n Trabajo Voluntariado Otro Correo electr\u00f3nico * Mensaje * Enviar Fundaci\u00f3n Social El Encuentro Avenida Carrera 20 No. 81-55 Bogot\u00e1 D.C. Colombia Tel\u00e9fono: (57+1) 745 5530 contacto@fundacionelencuentro.org www.fundacionelencuentro.org<\/p>\n<div class='heateorSssClear'><\/div><div  class='heateor_sss_sharing_container heateor_sss_horizontal_sharing' data-heateor-sss-href='https:\/\/fundacionelencuentro.org\/co\/contacto\/'><div class='heateor_sss_sharing_title' style=\"font-weight:bold\" ><\/div><div class=\"heateor_sss_sharing_ul\"><a aria-label=\"Linkedin Share\" style=\"padding:7.35px 0!important;margin-top:-2px!important;\" class=\"heateor_sss_linkedin_share\"><script src=\"\/\/platform.linkedin.com\/in.js\" type=\"text\/javascript\">lang: es_ES<\/script><script type=\"IN\/Share\" data-url=\"https:\/\/fundacionelencuentro.org\/co\/contacto\/\" data-counter=\"right\"><\/script><\/a><\/div><div class=\"heateorSssClear\"><\/div><\/div><div class='heateorSssClear'><\/div>","protected":false},"author":1,"featured_media":0,"parent":0,"menu_order":0,"comment_status":"closed","ping_status":"closed","template":"","meta":{"_exactmetrics_skip_tracking":false,"_exactmetrics_sitenote_active":false,"_exactmetrics_sitenote_note":"","_exactmetrics_sitenote_category":0},"_links":{"self":[{"href":"https:\/\/fundacionelencuentro.org\/co\/wp-json\/wp\/v2\/pages\/113"}],"collection":[{"href":"https:\/\/fundacionelencuentro.org\/co\/wp-json\/wp\/v2\/pages"}],"about":[{"href":"https:\/\/fundacionelencuentro.org\/co\/wp-json\/wp\/v2\/types\/page"}],"author":[{"embeddable":true,"href":"https:\/\/fundacionelencuentro.org\/co\/wp-json\/wp\/v2\/users\/1"}],"replies":[{"embeddable":true,"href":"https:\/\/fundacionelencuentro.org\/co\/wp-json\/wp\/v2\/comments?post=113"}],"version-history":[{"count":0,"href":"https:\/\/fundacionelencuentro.org\/co\/wp-json\/wp\/v2\/pages\/113\/revisions"}],"wp:attachment":[{"href":"https:\/\/fundacionelencuentro.org\/co\/wp-json\/wp\/v2\/media?parent=113"}],"curies":[{"name":"wp","href":"https:\/\/api.w.org\/{rel}","templated":true}]}}