{"id":66,"date":"2017-05-16T19:47:34","date_gmt":"2017-05-16T19:47:34","guid":{"rendered":"http:\/\/fundacionelencuentro.org\/co\/?page_id=66"},"modified":"2017-08-15T09:56:32","modified_gmt":"2017-08-15T14:56:32","slug":"alimentacion","status":"publish","type":"page","link":"https:\/\/fundacionelencuentro.org\/co\/alimentacion\/","title":{"rendered":"Alimentaci\u00f3n"},"content":{"rendered":"<div id=\"pl-66\"  class=\"panel-layout\" ><div id=\"pg-66-0\"  class=\"panel-grid panel-has-style\" ><div class=\"siteorigin-panels-stretch panel-row-style panel-row-style-for-66-0\" data-stretch-type=\"full-stretched\" ><div id=\"pgc-66-0-0\"  class=\"panel-grid-cell\" ><div id=\"panel-66-0-0-0\" class=\"so-panel widget widget_sow-image panel-first-child panel-last-child\" data-index=\"0\" ><div data-so-animation=\"{&quot;animation&quot;:&quot;pulse&quot;,&quot;duration&quot;:1,&quot;hide&quot;:0,&quot;delay&quot;:3,&quot;event&quot;:&quot;enter&quot;,&quot;offset&quot;:0}\" class=\"panel-widget-style panel-widget-style-for-66-0-0-0\" ><div\n\t\t\t\n\t\t\tclass=\"so-widget-sow-image so-widget-sow-image-default-c67d20f9f743-66\"\n\t\t\t\n\t\t>\n\n<div class=\"sow-image-container\">\n\t\t<img src=\"https:\/\/fundacionelencuentro.org\/co\/wp-content\/uploads\/2017\/05\/alimL.png\" width=\"317\" height=\"317\" srcset=\"https:\/\/fundacionelencuentro.org\/co\/wp-content\/uploads\/2017\/05\/alimL.png 317w, https:\/\/fundacionelencuentro.org\/co\/wp-content\/uploads\/2017\/05\/alimL-150x150.png 150w, https:\/\/fundacionelencuentro.org\/co\/wp-content\/uploads\/2017\/05\/alimL-300x300.png 300w\" sizes=\"(max-width: 317px) 100vw, 317px\" alt=\"Proyecto de Alimentaci\u00f3n\" loading=\"lazy\" \t\tclass=\"so-widget-image\"\/>\n\t<\/div>\n\n<\/div><\/div><\/div><\/div><div id=\"pgc-66-0-1\"  class=\"panel-grid-cell\" ><div id=\"panel-66-0-1-0\" class=\"so-panel widget widget_siteorigin-panels-builder panel-first-child panel-last-child\" data-index=\"1\" ><div class=\"panel-widget-style panel-widget-style-for-66-0-1-0\" ><div id=\"pl-w5956a634a2ccd\"  class=\"panel-layout\" ><div id=\"pg-w5956a634a2ccd-0\"  class=\"panel-grid panel-has-style\" ><div class=\"panels-animation-hide panel-row-style panel-row-style-for-w5956a634a2ccd-0\" data-so-animation=\"{&quot;animation&quot;:&quot;fadeInRight&quot;,&quot;duration&quot;:2,&quot;hide&quot;:1,&quot;delay&quot;:2,&quot;event&quot;:&quot;enter&quot;,&quot;offset&quot;:0}\" ><div id=\"pgc-w5956a634a2ccd-0-0\"  class=\"panel-grid-cell\" ><div id=\"panel-w5956a634a2ccd-0-0-0\" class=\"so-panel widget widget_sow-headline panel-first-child\" data-index=\"0\" ><div class=\"panel-widget-style panel-widget-style-for-w5956a634a2ccd-0-0-0\" ><div\n\t\t\t\n\t\t\tclass=\"so-widget-sow-headline so-widget-sow-headline-default-ccf75c458bcd so-widget-fittext-wrapper\"\n\t\t\t data-fit-text-compressor=\"0.85\"\n\t\t><div class=\"sow-headline-container \">\n\t<h1 class='sow-headline'><h1 style=\"font-size:50px;margin-bottom:0;color:white;text-align:center;font-weight:600\">Alimentaci\u00f3n con Bienestar<\/h1><\/h1><\/div>\n<\/div><\/div><\/div><div id=\"panel-w5956a634a2ccd-0-0-1\" class=\"so-panel widget widget_text panel-last-child\" data-index=\"1\" ><div class=\"panel-widget-style panel-widget-style-for-w5956a634a2ccd-0-0-1\" >\t\t\t<div class=\"textwidget\"><p style=\"font-weight: 400; line-height: 1.3; color: white; text-align: center; margin-top: 25px; padding: 10px 10px; background: rgba(255, 139, 0, 0.8);\">Satisfacemos una de las necesidades humanas m\u00e1s b\u00e1sicas. En acuerdo con el segundo objetivo de desarrollo sostenible \u201ccero hambre,\u201d trabajamos con comunidades marginalizadas brind\u00e1ndoles no s\u00f3lo comidas nutritivas y balanceadas a las poblaciones m\u00e1s vulnerables, sino adem\u00e1s, un espacio para formar relaciones transformadoras.<\/p>\n<\/div>\n\t\t<\/div><\/div><\/div><\/div><\/div><\/div><\/div><\/div><\/div><\/div><\/div><div id=\"pg-66-1\"  class=\"panel-grid panel-no-style\" ><div id=\"pgc-66-1-0\"  class=\"panel-grid-cell\" ><div id=\"panel-66-1-0-0\" class=\"so-panel widget widget_sow-image panel-first-child\" data-index=\"2\" ><div class=\"panel-widget-style panel-widget-style-for-66-1-0-0\" ><div\n\t\t\t\n\t\t\tclass=\"so-widget-sow-image so-widget-sow-image-default-c67d20f9f743-66\"\n\t\t\t\n\t\t>\n\n<div class=\"sow-image-container\">\n\t\t<img src=\"https:\/\/fundacionelencuentro.org\/co\/wp-content\/uploads\/2017\/05\/titulo5.png\" width=\"799\" height=\"85\" srcset=\"https:\/\/fundacionelencuentro.org\/co\/wp-content\/uploads\/2017\/05\/titulo5.png 799w, https:\/\/fundacionelencuentro.org\/co\/wp-content\/uploads\/2017\/05\/titulo5-300x32.png 300w, https:\/\/fundacionelencuentro.org\/co\/wp-content\/uploads\/2017\/05\/titulo5-768x82.png 768w\" sizes=\"(max-width: 799px) 100vw, 799px\" alt=\"\" loading=\"lazy\" \t\tclass=\"so-widget-image\"\/>\n\t<\/div>\n\n<\/div><\/div><\/div><div id=\"panel-66-1-0-1\" class=\"so-panel widget widget_text panel-last-child\" data-index=\"3\" >\t\t\t<div class=\"textwidget\">\n<\/div>\n\t\t<\/div><\/div><\/div><div id=\"pg-66-2\"  class=\"panel-grid panel-has-style\" ><div class=\"siteorigin-panels-stretch panel-row-style panel-row-style-for-66-2\" data-stretch-type=\"full-stretched\" ><div id=\"pgc-66-2-0\"  class=\"panel-grid-cell\" ><div id=\"panel-66-2-0-0\" class=\"so-panel widget widget_siteorigin-panels-builder panel-first-child panel-last-child\" data-index=\"4\" ><div id=\"pl-w595b9f527d6ce\"  class=\"panel-layout\" ><div id=\"pg-w595b9f527d6ce-0\"  class=\"panel-grid panel-has-style\" ><div class=\"siteorigin-panels-stretch panel-row-style panel-row-style-for-w595b9f527d6ce-0\" data-stretch-type=\"full\" ><div id=\"pgc-w595b9f527d6ce-0-0\"  class=\"panel-grid-cell\" ><div id=\"panel-w595b9f527d6ce-0-0-0\" class=\"so-panel widget widget_text panel-first-child panel-last-child\" data-index=\"0\" ><div class=\"panels-animation-hide panel-widget-style panel-widget-style-for-w595b9f527d6ce-0-0-0\" data-so-animation=\"{&quot;animation&quot;:&quot;fadeInLeft&quot;,&quot;duration&quot;:1.5,&quot;hide&quot;:1,&quot;delay&quot;:0,&quot;event&quot;:&quot;enter&quot;,&quot;offset&quot;:0}\" >\t\t\t<div class=\"textwidget\"><section id=\"tf-stat-332\" class=\"statistics n1\"  data-sp=\"80\" ><div class=\"statistics-inner\"><div class=\"stat\"  data-count=\"+304.800\"><span class=\"\"><\/span><span class=\"number\"><\/span><span class=\"count-title\">Almuerzos Ofrecidos \/ A\u00f1o<\/span><\/div><\/div><\/section>\n<\/div>\n\t\t<\/div><\/div><\/div><div id=\"pgc-w595b9f527d6ce-0-1\"  class=\"panel-grid-cell\" ><div id=\"panel-w595b9f527d6ce-0-1-0\" class=\"so-panel widget widget_text panel-first-child panel-last-child\" data-index=\"1\" ><div class=\"panels-animation-hide panel-widget-style panel-widget-style-for-w595b9f527d6ce-0-1-0\" data-so-animation=\"{&quot;animation&quot;:&quot;fadeInUp&quot;,&quot;duration&quot;:1.5,&quot;hide&quot;:1,&quot;delay&quot;:0,&quot;event&quot;:&quot;enter&quot;,&quot;offset&quot;:0}\" >\t\t\t<div class=\"textwidget\"><section id=\"tf-stat-334\" class=\"statistics \"  data-sp=\"80\" ><div class=\"statistics-inner\"><div class=\"stat\"  data-count=\"13\"><span class=\"\"><\/span><span class=\"number\"><\/span><span class=\"count-title\">A\u00f1os Trabajando con Comedores<\/span><\/div><\/div><\/section>\n<\/div>\n\t\t<\/div><\/div><\/div><div id=\"pgc-w595b9f527d6ce-0-2\"  class=\"panel-grid-cell\" ><div id=\"panel-w595b9f527d6ce-0-2-0\" class=\"so-panel widget widget_text panel-first-child panel-last-child\" data-index=\"2\" ><div class=\"panels-animation-hide panel-widget-style panel-widget-style-for-w595b9f527d6ce-0-2-0\" data-so-animation=\"{&quot;animation&quot;:&quot;fadeInRight&quot;,&quot;duration&quot;:1.5,&quot;hide&quot;:1,&quot;delay&quot;:0,&quot;event&quot;:&quot;enter&quot;,&quot;offset&quot;:0}\" >\t\t\t<div class=\"textwidget\"><section id=\"tf-stat-333\" class=\"statistics \"  data-sp=\"80\" ><div class=\"statistics-inner\"><div class=\"stat\"  data-count=\"+14.300\"><span class=\"\"><\/span><span class=\"number\"><\/span><span class=\"count-title\">Canastas Entregadas \/ A\u00f1o<\/span><\/div><\/div><\/section>\n<\/div>\n\t\t<\/div><\/div><\/div><\/div><\/div><\/div><\/div><\/div><\/div><\/div><div id=\"pg-66-3\"  class=\"panel-grid panel-has-style\" ><div class=\"panel-row-style panel-row-style-for-66-3\" ><div id=\"pgc-66-3-0\"  class=\"panel-grid-cell\" ><div id=\"panel-66-3-0-0\" class=\"so-panel widget widget_sow-image panel-first-child\" data-index=\"5\" ><div class=\"panel-widget-style panel-widget-style-for-66-3-0-0\" ><div\n\t\t\t\n\t\t\tclass=\"so-widget-sow-image so-widget-sow-image-default-c67d20f9f743-66\"\n\t\t\t\n\t\t>\n\n<div class=\"sow-image-container\">\n\t\t<img src=\"https:\/\/fundacionelencuentro.org\/co\/wp-content\/uploads\/2017\/05\/titulo6.png\" width=\"799\" height=\"85\" srcset=\"https:\/\/fundacionelencuentro.org\/co\/wp-content\/uploads\/2017\/05\/titulo6.png 799w, https:\/\/fundacionelencuentro.org\/co\/wp-content\/uploads\/2017\/05\/titulo6-300x32.png 300w, https:\/\/fundacionelencuentro.org\/co\/wp-content\/uploads\/2017\/05\/titulo6-768x82.png 768w\" sizes=\"(max-width: 799px) 100vw, 799px\" alt=\"\" loading=\"lazy\" \t\tclass=\"so-widget-image\"\/>\n\t<\/div>\n\n<\/div><\/div><\/div><div id=\"panel-66-3-0-1\" class=\"so-panel widget widget_text panel-last-child\" data-index=\"6\" >\t\t\t<div class=\"textwidget\">\n<\/div>\n\t\t<\/div><\/div><\/div><\/div><\/div>","protected":false},"excerpt":{"rendered":"<p>Alimentaci\u00f3n con Bienestar Satisfacemos una de las necesidades humanas m\u00e1s b\u00e1sicas. En acuerdo con el segundo objetivo de desarrollo sostenible \u201ccero hambre,\u201d trabajamos con comunidades marginalizadas brind\u00e1ndoles no s\u00f3lo comidas nutritivas y balanceadas a las poblaciones m\u00e1s vulnerables, sino adem\u00e1s, un espacio para formar relaciones transformadoras. Almuerzos Ofrecidos \/ A\u00f1o A\u00f1os Trabajando con Comedores Canastas&#8230;<\/p>\n<p class=\"more-link\"><a href=\"https:\/\/fundacionelencuentro.org\/co\/alimentacion\/\"><span>Read More<\/span><i>&#43;<\/i><\/a><\/p>\n<div class='heateorSssClear'><\/div><div  class='heateor_sss_sharing_container heateor_sss_horizontal_sharing' data-heateor-sss-href='https:\/\/fundacionelencuentro.org\/co\/alimentacion\/'><div class='heateor_sss_sharing_title' style=\"font-weight:bold\" ><\/div><div class=\"heateor_sss_sharing_ul\"><a aria-label=\"Linkedin Share\" style=\"padding:7.35px 0!important;margin-top:-2px!important;\" class=\"heateor_sss_linkedin_share\"><script src=\"\/\/platform.linkedin.com\/in.js\" type=\"text\/javascript\">lang: es_ES<\/script><script type=\"IN\/Share\" data-url=\"https:\/\/fundacionelencuentro.org\/co\/alimentacion\/\" data-counter=\"right\"><\/script><\/a><\/div><div class=\"heateorSssClear\"><\/div><\/div><div class='heateorSssClear'><\/div>","protected":false},"author":1,"featured_media":0,"parent":0,"menu_order":0,"comment_status":"closed","ping_status":"closed","template":"","meta":{"_exactmetrics_skip_tracking":false,"_exactmetrics_sitenote_active":false,"_exactmetrics_sitenote_note":"","_exactmetrics_sitenote_category":0},"_links":{"self":[{"href":"https:\/\/fundacionelencuentro.org\/co\/wp-json\/wp\/v2\/pages\/66"}],"collection":[{"href":"https:\/\/fundacionelencuentro.org\/co\/wp-json\/wp\/v2\/pages"}],"about":[{"href":"https:\/\/fundacionelencuentro.org\/co\/wp-json\/wp\/v2\/types\/page"}],"author":[{"embeddable":true,"href":"https:\/\/fundacionelencuentro.org\/co\/wp-json\/wp\/v2\/users\/1"}],"replies":[{"embeddable":true,"href":"https:\/\/fundacionelencuentro.org\/co\/wp-json\/wp\/v2\/comments?post=66"}],"version-history":[{"count":0,"href":"https:\/\/fundacionelencuentro.org\/co\/wp-json\/wp\/v2\/pages\/66\/revisions"}],"wp:attachment":[{"href":"https:\/\/fundacionelencuentro.org\/co\/wp-json\/wp\/v2\/media?parent=66"}],"curies":[{"name":"wp","href":"https:\/\/api.w.org\/{rel}","templated":true}]}}