{"id":68,"date":"2017-05-16T19:48:16","date_gmt":"2017-05-16T19:48:16","guid":{"rendered":"http:\/\/fundacionelencuentro.org\/co\/?page_id=68"},"modified":"2018-09-11T16:44:09","modified_gmt":"2018-09-11T21:44:09","slug":"educacion","status":"publish","type":"page","link":"https:\/\/fundacionelencuentro.org\/co\/educacion\/","title":{"rendered":"Educaci\u00f3n"},"content":{"rendered":"<div id=\"pl-68\"  class=\"panel-layout\" ><div id=\"pg-68-0\"  class=\"panel-grid panel-has-style\" ><div class=\"siteorigin-panels-stretch panel-row-style panel-row-style-for-68-0\" data-stretch-type=\"full-stretched\" ><div id=\"pgc-68-0-0\"  class=\"panel-grid-cell\" ><div id=\"panel-68-0-0-0\" class=\"so-panel widget widget_sow-image panel-first-child panel-last-child\" data-index=\"0\" ><div data-so-animation=\"{&quot;animation&quot;:&quot;pulse&quot;,&quot;duration&quot;:1,&quot;hide&quot;:0,&quot;delay&quot;:3,&quot;event&quot;:&quot;enter&quot;,&quot;offset&quot;:0}\" class=\"panel-widget-style panel-widget-style-for-68-0-0-0\" ><div\n\t\t\t\n\t\t\tclass=\"so-widget-sow-image so-widget-sow-image-default-c67d20f9f743-68\"\n\t\t\t\n\t\t>\n\n<div class=\"sow-image-container\">\n\t\t<img src=\"https:\/\/fundacionelencuentro.org\/co\/wp-content\/uploads\/2017\/05\/eduL.png\" width=\"317\" height=\"316\" srcset=\"https:\/\/fundacionelencuentro.org\/co\/wp-content\/uploads\/2017\/05\/eduL.png 317w, https:\/\/fundacionelencuentro.org\/co\/wp-content\/uploads\/2017\/05\/eduL-150x150.png 150w, https:\/\/fundacionelencuentro.org\/co\/wp-content\/uploads\/2017\/05\/eduL-300x300.png 300w\" sizes=\"(max-width: 317px) 100vw, 317px\" alt=\"Proyecto de Educaci\u00f3n\" loading=\"lazy\" \t\tclass=\"so-widget-image\"\/>\n\t<\/div>\n\n<\/div><\/div><\/div><\/div><div id=\"pgc-68-0-1\"  class=\"panel-grid-cell\" ><div id=\"panel-68-0-1-0\" class=\"so-panel widget widget_siteorigin-panels-builder panel-first-child panel-last-child\" data-index=\"1\" ><div class=\"panel-widget-style panel-widget-style-for-68-0-1-0\" ><div id=\"pl-w5956a64e890fb\"  class=\"panel-layout\" ><div id=\"pg-w5956a64e890fb-0\"  class=\"panel-grid panel-has-style\" ><div class=\"panels-animation-hide panel-row-style panel-row-style-for-w5956a64e890fb-0\" data-so-animation=\"{&quot;animation&quot;:&quot;fadeInRight&quot;,&quot;duration&quot;:2,&quot;hide&quot;:1,&quot;delay&quot;:3,&quot;event&quot;:&quot;enter&quot;,&quot;offset&quot;:0}\" ><div id=\"pgc-w5956a64e890fb-0-0\"  class=\"panel-grid-cell\" ><div id=\"panel-w5956a64e890fb-0-0-0\" class=\"so-panel widget widget_sow-headline panel-first-child\" data-index=\"0\" ><div class=\"panel-widget-style panel-widget-style-for-w5956a64e890fb-0-0-0\" ><div\n\t\t\t\n\t\t\tclass=\"so-widget-sow-headline so-widget-sow-headline-default-ccf75c458bcd\"\n\t\t\t\n\t\t><div class=\"sow-headline-container \">\n\t<h1 class='sow-headline'><h1 style=\"font-size:50px;margin-bottom:0;color:white;text-align:center;font-weight:600\">Educaci\u00f3n<\/h1> <\/h1><\/div>\n<\/div><\/div><\/div><div id=\"panel-w5956a64e890fb-0-0-1\" class=\"so-panel widget widget_text panel-last-child\" data-index=\"1\" ><div class=\"panel-widget-style panel-widget-style-for-w5956a64e890fb-0-0-1\" >\t\t\t<div class=\"textwidget\"><p style=\"font-weight: 500; line-height: 1.3; color: white; text-align: center; margin-top: 25px; padding: 10px 10px; background: rgba(0, 112, 222, 0.8);\">Buscamos brindar a todos nuestros estudiantes una educaci\u00f3n de calidad que fortalezca su desarrollo no s\u00f3lo intelectual sino espiritual, mediante una educaci\u00f3n hol\u00edstica que ense\u00f1a valores y forma su car\u00e1cter.<\/p>\n<\/div>\n\t\t<\/div><\/div><\/div><\/div><\/div><\/div><\/div><\/div><\/div><\/div><\/div><div id=\"pg-68-1\"  class=\"panel-grid panel-no-style\" ><div id=\"pgc-68-1-0\"  class=\"panel-grid-cell\" ><div id=\"panel-68-1-0-0\" class=\"so-panel widget widget_sow-image panel-first-child\" data-index=\"2\" ><div class=\"panel-widget-style panel-widget-style-for-68-1-0-0\" ><div\n\t\t\t\n\t\t\tclass=\"so-widget-sow-image so-widget-sow-image-default-c67d20f9f743-68\"\n\t\t\t\n\t\t>\n\n<div class=\"sow-image-container\">\n\t\t<img src=\"https:\/\/fundacionelencuentro.org\/co\/wp-content\/uploads\/2017\/05\/titulo3.png\" width=\"799\" height=\"85\" srcset=\"https:\/\/fundacionelencuentro.org\/co\/wp-content\/uploads\/2017\/05\/titulo3.png 799w, https:\/\/fundacionelencuentro.org\/co\/wp-content\/uploads\/2017\/05\/titulo3-300x32.png 300w, https:\/\/fundacionelencuentro.org\/co\/wp-content\/uploads\/2017\/05\/titulo3-768x82.png 768w\" sizes=\"(max-width: 799px) 100vw, 799px\" alt=\"\" loading=\"lazy\" \t\tclass=\"so-widget-image\"\/>\n\t<\/div>\n\n<\/div><\/div><\/div><\/div><\/div><div id=\"pg-68-2\"  class=\"panel-grid panel-has-style\" ><div class=\"siteorigin-panels-stretch panel-row-style panel-row-style-for-68-2\" data-stretch-type=\"full-stretched\" ><div id=\"pgc-68-2-0\"  class=\"panel-grid-cell\" ><div id=\"panel-68-2-0-0\" class=\"so-panel widget widget_siteorigin-panels-builder panel-first-child panel-last-child\" data-index=\"4\" ><div id=\"pl-w5b9836fdc4de7\"  class=\"panel-layout\" ><div id=\"pg-w5b9836fdc4de7-0\"  class=\"panel-grid panel-has-style\" ><div class=\"siteorigin-panels-stretch panel-row-style panel-row-style-for-w5b9836fdc4de7-0\" data-stretch-type=\"full\" ><div id=\"pgc-w5b9836fdc4de7-0-0\"  class=\"panel-grid-cell\" ><div id=\"panel-w5b9836fdc4de7-0-0-0\" class=\"so-panel widget widget_text panel-first-child panel-last-child\" data-index=\"0\" ><div class=\"panels-animation-hide panel-widget-style panel-widget-style-for-w5b9836fdc4de7-0-0-0\" data-so-animation=\"{&quot;animation&quot;:&quot;fadeInLeft&quot;,&quot;duration&quot;:1.5,&quot;hide&quot;:1,&quot;delay&quot;:0,&quot;event&quot;:&quot;enter&quot;,&quot;offset&quot;:0}\" >\t\t\t<div class=\"textwidget\"><section id=\"tf-stat-341\" class=\"statistics \"  data-sp=\"80\" ><div class=\"statistics-inner\"><div class=\"stat\"  data-count=\"52\"><span class=\"\"><\/span><span class=\"number\"><\/span><span class=\"count-title\">Puesto a Nivel Bogot\u00e1<\/span><\/div><\/div><\/section>\n<\/div>\n\t\t<\/div><\/div><\/div><div id=\"pgc-w5b9836fdc4de7-0-1\"  class=\"panel-grid-cell\" ><div id=\"panel-w5b9836fdc4de7-0-1-0\" class=\"so-panel widget widget_text panel-first-child panel-last-child\" data-index=\"1\" ><div class=\"panels-animation-hide panel-widget-style panel-widget-style-for-w5b9836fdc4de7-0-1-0\" data-so-animation=\"{&quot;animation&quot;:&quot;fadeInUp&quot;,&quot;duration&quot;:1.5,&quot;hide&quot;:1,&quot;delay&quot;:0,&quot;event&quot;:&quot;enter&quot;,&quot;offset&quot;:0}\" >\t\t\t<div class=\"textwidget\"><section id=\"tf-stat-339\" class=\"statistics \"  data-sp=\"80\" ><div class=\"statistics-inner\"><div class=\"stat\"  data-count=\"1\"><span class=\"\"><\/span><span class=\"number\"><\/span><span class=\"count-title\">Colegio Cristiano Calendario A<\/span><\/div><\/div><\/section>\n<\/div>\n\t\t<\/div><\/div><\/div><div id=\"pgc-w5b9836fdc4de7-0-2\"  class=\"panel-grid-cell\" ><div id=\"panel-w5b9836fdc4de7-0-2-0\" class=\"so-panel widget widget_text panel-first-child panel-last-child\" data-index=\"2\" ><div class=\"panels-animation-hide panel-widget-style panel-widget-style-for-w5b9836fdc4de7-0-2-0\" data-so-animation=\"{&quot;animation&quot;:&quot;fadeInRight&quot;,&quot;duration&quot;:1.5,&quot;hide&quot;:1,&quot;delay&quot;:0,&quot;event&quot;:&quot;enter&quot;,&quot;offset&quot;:0}\" >\t\t\t<div class=\"textwidget\"><section id=\"tf-stat-340\" class=\"statistics \"  data-sp=\"80\" ><div class=\"statistics-inner\"><div class=\"stat\"  data-count=\"944\"><span class=\"\"><\/span><span class=\"number\"><\/span><span class=\"count-title\">Ni\u00f1os Formados en el Jard\u00edn<\/span><\/div><\/div><\/section>\n<\/div>\n\t\t<\/div><\/div><\/div><\/div><\/div><\/div><\/div><\/div><\/div><\/div><div id=\"pg-68-3\"  class=\"panel-grid panel-no-style\" ><div id=\"pgc-68-3-0\"  class=\"panel-grid-cell\" ><div id=\"panel-68-3-0-0\" class=\"so-panel widget widget_sow-image panel-first-child\" data-index=\"5\" ><div class=\"panel-widget-style panel-widget-style-for-68-3-0-0\" ><div\n\t\t\t\n\t\t\tclass=\"so-widget-sow-image so-widget-sow-image-default-c67d20f9f743-68\"\n\t\t\t\n\t\t>\n\n<div class=\"sow-image-container\">\n\t\t<img src=\"https:\/\/fundacionelencuentro.org\/co\/wp-content\/uploads\/2017\/05\/Jard\u00edn.png\" width=\"799\" height=\"85\" srcset=\"https:\/\/fundacionelencuentro.org\/co\/wp-content\/uploads\/2017\/05\/Jard\u00edn.png 799w, https:\/\/fundacionelencuentro.org\/co\/wp-content\/uploads\/2017\/05\/Jard\u00edn-300x32.png 300w, https:\/\/fundacionelencuentro.org\/co\/wp-content\/uploads\/2017\/05\/Jard\u00edn-768x82.png 768w\" sizes=\"(max-width: 799px) 100vw, 799px\" alt=\"\" loading=\"lazy\" \t\tclass=\"so-widget-image\"\/>\n\t<\/div>\n\n<\/div><\/div><\/div><\/div><\/div><\/div>","protected":false},"excerpt":{"rendered":"<p>Educaci\u00f3n Buscamos brindar a todos nuestros estudiantes una educaci\u00f3n de calidad que fortalezca su desarrollo no s\u00f3lo intelectual sino espiritual, mediante una educaci\u00f3n hol\u00edstica que ense\u00f1a valores y forma su car\u00e1cter. Puesto a Nivel Bogot\u00e1 Colegio Cristiano Calendario A Ni\u00f1os Formados en el Jard\u00edn<\/p>\n<div class='heateorSssClear'><\/div><div  class='heateor_sss_sharing_container heateor_sss_horizontal_sharing' data-heateor-sss-href='https:\/\/fundacionelencuentro.org\/co\/educacion\/'><div class='heateor_sss_sharing_title' style=\"font-weight:bold\" ><\/div><div class=\"heateor_sss_sharing_ul\"><a aria-label=\"Linkedin Share\" style=\"padding:7.35px 0!important;margin-top:-2px!important;\" class=\"heateor_sss_linkedin_share\"><script src=\"\/\/platform.linkedin.com\/in.js\" type=\"text\/javascript\">lang: es_ES<\/script><script type=\"IN\/Share\" data-url=\"https:\/\/fundacionelencuentro.org\/co\/educacion\/\" data-counter=\"right\"><\/script><\/a><\/div><div class=\"heateorSssClear\"><\/div><\/div><div class='heateorSssClear'><\/div>","protected":false},"author":1,"featured_media":0,"parent":0,"menu_order":0,"comment_status":"closed","ping_status":"closed","template":"","meta":{"_exactmetrics_skip_tracking":false,"_exactmetrics_sitenote_active":false,"_exactmetrics_sitenote_note":"","_exactmetrics_sitenote_category":0},"_links":{"self":[{"href":"https:\/\/fundacionelencuentro.org\/co\/wp-json\/wp\/v2\/pages\/68"}],"collection":[{"href":"https:\/\/fundacionelencuentro.org\/co\/wp-json\/wp\/v2\/pages"}],"about":[{"href":"https:\/\/fundacionelencuentro.org\/co\/wp-json\/wp\/v2\/types\/page"}],"author":[{"embeddable":true,"href":"https:\/\/fundacionelencuentro.org\/co\/wp-json\/wp\/v2\/users\/1"}],"replies":[{"embeddable":true,"href":"https:\/\/fundacionelencuentro.org\/co\/wp-json\/wp\/v2\/comments?post=68"}],"version-history":[{"count":7,"href":"https:\/\/fundacionelencuentro.org\/co\/wp-json\/wp\/v2\/pages\/68\/revisions"}],"predecessor-version":[{"id":2543,"href":"https:\/\/fundacionelencuentro.org\/co\/wp-json\/wp\/v2\/pages\/68\/revisions\/2543"}],"wp:attachment":[{"href":"https:\/\/fundacionelencuentro.org\/co\/wp-json\/wp\/v2\/media?parent=68"}],"curies":[{"name":"wp","href":"https:\/\/api.w.org\/{rel}","templated":true}]}}